
{"id":75,"date":"2015-07-31T16:03:17","date_gmt":"2015-07-31T16:03:17","guid":{"rendered":"http:\/\/servissamochodowy.pl\/?page_id=75"},"modified":"2015-09-02T14:42:39","modified_gmt":"2015-09-02T14:42:39","slug":"blacharstwo-i-lakiernictwo","status":"publish","type":"page","link":"http:\/\/servissamochodowy.pl\/?page_id=75","title":{"rendered":"BLACHARSTWO I LAKIERNICTWO"},"content":{"rendered":"<div id=\"pl-75\"  class=\"panel-layout\" ><div id=\"pg-75-0\"  class=\"panel-grid panel-no-style\" ><div id=\"pgc-75-0-0\"  class=\"panel-grid-cell\" ><div id=\"panel-75-0-0-0\" class=\"so-panel widget widget_text panel-first-child panel-last-child\" data-index=\"0\" ><div class=\"panel-widget-style panel-widget-style-for-75-0-0-0\" ><h3 class=\"widget-title\">NAPRAWY BLACHARSKO\u00adLAKIERNICZE<\/h3>\t\t\t<div class=\"textwidget\"><p>Nasz Servis Samochodowy oferuje Pa\u0144stwu profesjonalne powypadkowe naprawy blacharsko-lakiernicze. Naprawiamy wszystkie marki samochod\u00f3w dok\u0142adaj\u0105c przy tym wszelkiej staranno\u015bci, aby nasi Klienci byli zawsze zadowoleni.<\/p>\n<p>Do napraw karoserii u\u017cywamy specjalnej ramy naprawczo\u00adpomiarowej oraz wszelkie niezb\u0119dne narz\u0119dzia. Ka\u017cda naprawa blacharska wykonywana jest wed\u0142ug wysokich standard\u00f3w. <\/p>\n<p>Lakierowanie aut odbywa si\u0119 w specjalnej bezpy\u0142owej kabinie lakierniczej przez wykwalifikowanych specjalist\u00f3w. Lakiery dobierane s\u0105 komputerowo. Dzi\u0119ki naszemu do\u015bwiadczeniu jestesmy w stanie wykona\u0107 ka\u017cd\u0105 napraw\u0119 lakiernicz\u0105\u00adod drobnej po lakierowanie ca\u0142ego samochodu.<\/p>\n<p>Opr\u00f3cz napraw blacharsko\u00adlakierniczych samochod\u00f3w, zajmujemy si\u0119 profesjonalnym od\u015bwie\u017caniem i polerowaniem lakieru jak r\u00f3wnie\u017c praniem tapicerki samochodowej.<\/p>\n<p>Zapraszamy<\/p>\n<\/div>\n\t\t<\/div><\/div><\/div><\/div><div id=\"pg-75-1\"  class=\"panel-grid panel-no-style\" ><div id=\"pgc-75-1-0\"  class=\"panel-grid-cell\" ><div id=\"panel-75-1-0-0\" class=\"so-panel widget widget_sow-image panel-first-child panel-last-child\" data-index=\"1\" ><div class=\"so-widget-sow-image so-widget-sow-image-default-d6014b76747a-75\">\n\n<div class=\"sow-image-container\">\n\t\t<img src=\"http:\/\/servissamochodowy.pl\/wp-content\/uploads\/2015\/08\/IMG_6953-1-1024x683.jpg\" width=\"1024\" height=\"683\" srcset=\"http:\/\/servissamochodowy.pl\/wp-content\/uploads\/2015\/08\/IMG_6953-1-1024x683.jpg 1024w, http:\/\/servissamochodowy.pl\/wp-content\/uploads\/2015\/08\/IMG_6953-1-300x200.jpg 300w, http:\/\/servissamochodowy.pl\/wp-content\/uploads\/2015\/08\/IMG_6953-1.jpg 1500w\" sizes=\"(max-width: 1024px) 100vw, 1024px\" title=\"IMG_6953 (1)\" alt=\"\" loading=\"lazy\" \t\tclass=\"so-widget-image\"\/>\n\t<\/div>\n\n<\/div><\/div><\/div><\/div><\/div>","protected":false},"excerpt":{"rendered":"<p>Nasz Servis Samochodowy oferuje Pa\u0144stwu profesjonalne powypadkowe naprawy blacharsko-lakiernicze. Naprawiamy&#8230; <\/p>\n","protected":false},"author":1,"featured_media":81,"parent":0,"menu_order":0,"comment_status":"closed","ping_status":"closed","template":"","meta":[],"_links":{"self":[{"href":"http:\/\/servissamochodowy.pl\/index.php?rest_route=\/wp\/v2\/pages\/75"}],"collection":[{"href":"http:\/\/servissamochodowy.pl\/index.php?rest_route=\/wp\/v2\/pages"}],"about":[{"href":"http:\/\/servissamochodowy.pl\/index.php?rest_route=\/wp\/v2\/types\/page"}],"author":[{"embeddable":true,"href":"http:\/\/servissamochodowy.pl\/index.php?rest_route=\/wp\/v2\/users\/1"}],"replies":[{"embeddable":true,"href":"http:\/\/servissamochodowy.pl\/index.php?rest_route=%2Fwp%2Fv2%2Fcomments&post=75"}],"version-history":[{"count":10,"href":"http:\/\/servissamochodowy.pl\/index.php?rest_route=\/wp\/v2\/pages\/75\/revisions"}],"predecessor-version":[{"id":155,"href":"http:\/\/servissamochodowy.pl\/index.php?rest_route=\/wp\/v2\/pages\/75\/revisions\/155"}],"wp:featuredmedia":[{"embeddable":true,"href":"http:\/\/servissamochodowy.pl\/index.php?rest_route=\/wp\/v2\/media\/81"}],"wp:attachment":[{"href":"http:\/\/servissamochodowy.pl\/index.php?rest_route=%2Fwp%2Fv2%2Fmedia&parent=75"}],"curies":[{"name":"wp","href":"https:\/\/api.w.org\/{rel}","templated":true}]}}