
{"id":195,"date":"2015-09-23T14:29:56","date_gmt":"2015-09-23T14:29:56","guid":{"rendered":"http:\/\/servissamochodowy.pl\/?page_id=195"},"modified":"2015-09-23T14:33:05","modified_gmt":"2015-09-23T14:33:05","slug":"diagnostyka-komputerowa","status":"publish","type":"page","link":"http:\/\/servissamochodowy.pl\/?page_id=195","title":{"rendered":"DIAGNOSTYKA KOMPUTEROWA"},"content":{"rendered":"<div id=\"pl-195\"  class=\"panel-layout\" ><div id=\"pg-195-0\"  class=\"panel-grid panel-no-style\" ><div id=\"pgc-195-0-0\"  class=\"panel-grid-cell\" ><div id=\"panel-195-0-0-0\" class=\"so-panel widget widget_sow-image panel-first-child panel-last-child\" data-index=\"0\" ><div class=\"so-widget-sow-image so-widget-sow-image-default-d6014b76747a-195\">\n\n<div class=\"sow-image-container\">\n\t\t<img src=\"http:\/\/servissamochodowy.pl\/wp-content\/uploads\/2015\/09\/diagnostyka.jpg\" width=\"300\" height=\"200\" srcset=\"http:\/\/servissamochodowy.pl\/wp-content\/uploads\/2015\/09\/diagnostyka.jpg 300w, http:\/\/servissamochodowy.pl\/wp-content\/uploads\/2015\/09\/diagnostyka-272x182.jpg 272w\" sizes=\"(max-width: 300px) 100vw, 300px\" alt=\"\" loading=\"lazy\" \t\tclass=\"so-widget-image\"\/>\n\t<\/div>\n\n<\/div><\/div><\/div><div id=\"pgc-195-0-1\"  class=\"panel-grid-cell\" ><div id=\"panel-195-0-1-0\" class=\"so-panel widget widget_text panel-first-child panel-last-child\" data-index=\"1\" ><div class=\"panel-widget-style panel-widget-style-for-195-0-1-0\" >\t\t\t<div class=\"textwidget\"><p>Diagnostyka komputerowa pozwala nam na szczeg\u00f3\u0142owe sprawdzenie samochodu, okre\u015blenie i zlokalizowanie usterek, pojawiaj\u0105cych si\u0119 w silniku oraz innych modu\u0142ach samochodu, a nast\u0119pnie usuni\u0119ciu nieprawid\u0142owo\u015bci.<\/p>\n<p>Posiadaj\u0105c list\u0119 potencjalnych nieprawid\u0142owo\u015bci naprawa samochodu staje si\u0119 du\u017co \u0142atwiejsza i bardziej pewna.<\/p>\n<p>Do ka\u017cdego klienta podchodzimy indywidualnie i zapewniamy profesjonaln\u0105 obs\u0142ug\u0119.<\/p>\n<\/div>\n\t\t<\/div><\/div><\/div><\/div><\/div>","protected":false},"excerpt":{"rendered":"<p>Diagnostyka komputerowa pozwala nam na szczeg\u00f3\u0142owe sprawdzenie samochodu, okre\u015blenie i&#8230; <\/p>\n","protected":false},"author":1,"featured_media":0,"parent":0,"menu_order":0,"comment_status":"closed","ping_status":"closed","template":"","meta":[],"_links":{"self":[{"href":"http:\/\/servissamochodowy.pl\/index.php?rest_route=\/wp\/v2\/pages\/195"}],"collection":[{"href":"http:\/\/servissamochodowy.pl\/index.php?rest_route=\/wp\/v2\/pages"}],"about":[{"href":"http:\/\/servissamochodowy.pl\/index.php?rest_route=\/wp\/v2\/types\/page"}],"author":[{"embeddable":true,"href":"http:\/\/servissamochodowy.pl\/index.php?rest_route=\/wp\/v2\/users\/1"}],"replies":[{"embeddable":true,"href":"http:\/\/servissamochodowy.pl\/index.php?rest_route=%2Fwp%2Fv2%2Fcomments&post=195"}],"version-history":[{"count":3,"href":"http:\/\/servissamochodowy.pl\/index.php?rest_route=\/wp\/v2\/pages\/195\/revisions"}],"predecessor-version":[{"id":198,"href":"http:\/\/servissamochodowy.pl\/index.php?rest_route=\/wp\/v2\/pages\/195\/revisions\/198"}],"wp:attachment":[{"href":"http:\/\/servissamochodowy.pl\/index.php?rest_route=%2Fwp%2Fv2%2Fmedia&parent=195"}],"curies":[{"name":"wp","href":"https:\/\/api.w.org\/{rel}","templated":true}]}}