
{"id":191,"date":"2015-09-23T14:14:12","date_gmt":"2015-09-23T14:14:12","guid":{"rendered":"http:\/\/servissamochodowy.pl\/?page_id=191"},"modified":"2015-09-23T14:20:29","modified_gmt":"2015-09-23T14:20:29","slug":"elektryka-i-elektronika","status":"publish","type":"page","link":"http:\/\/servissamochodowy.pl\/?page_id=191","title":{"rendered":"ELEKTRYKA I ELEKTRONIKA"},"content":{"rendered":"<div id=\"pl-191\"  class=\"panel-layout\" ><div id=\"pg-191-0\"  class=\"panel-grid panel-no-style\" ><div id=\"pgc-191-0-0\"  class=\"panel-grid-cell\" ><div id=\"panel-191-0-0-0\" class=\"so-panel widget widget_text panel-first-child\" data-index=\"0\" ><div class=\"panel-widget-style panel-widget-style-for-191-0-0-0\" >\t\t\t<div class=\"textwidget\"><p>Obecnie w samochodach coraz wi\u0119cej jest urz\u0105dze\u0144 elektrycznych i elektronicznych. Wszystkie auta nowej generacji wyposa\u017cone s\u0105 w komputer steruj\u0105cy.<\/p>\n<p>W ramach naszych us\u0142ug z zakresu elektryki i elektroniki samochodowej zapewniamy profesjonaln\u0105 diagnostyk\u0119 , naprawy oraz doposa\u017cenie samochod\u00f3w w urz\u0105dzenia elektroniczne.<\/p>\n<\/div>\n\t\t<\/div><\/div><div id=\"panel-191-0-0-1\" class=\"so-panel widget widget_text panel-last-child\" data-index=\"1\" ><div class=\"panel-widget-style panel-widget-style-for-191-0-0-1\" ><h3 class=\"widget-title\">Zakres naszych us\u0142ug:<\/h3>\t\t\t<div class=\"textwidget\"><p>\u2219 naprawa uk\u0142ad\u00f3w zap\u0142onowych;<\/p>\n<p>\u2219 elektronika silnika;<\/p>\n<p>\u2219 naprawa instalacji elektrycznej;<\/p>\n<p>\u2219 naprawa\/wymiana alternator\u00f3w i rozrusznik\u00f3w;<\/p>\n<p>\u2219 naprawa instalacji LPG;<\/p>\n<p>\u2219 naprawa modu\u0142\u00f3w ABS, ESP, SRS;<\/p>\n<p>\u2219 naprawa modu\u0142\u00f3w Air BAG;<\/p>\n<p>\u2219 naprawa o\u015bwietlenia pojazdu;<\/p>\n<p>\u2219 monta\u017c\/naprawa autoalarm\u00f3w;<\/p>\n<p>\u2219 monta\u017c\/naprawa centralnych zamk\u00f3w;<\/p>\n<p>\u2219 monta\u017c\/naprawa elektrycznych podno\u015bnik\u00f3w szyb;<\/p>\n<p>\u2219 monta\u017c \u015bwiate\u0142 dziennych;<\/p>\n<p>\u2219 monta\u017c czujnik\u00f3w parctronic( cofania);<\/p>\n<p>\u2219 wymiana akumulatora;<\/p>\n<p>\u2219 monta\u017c\u00ad radia samochodowe, odtarzacze, anteny, g\u0142o\u015bniki;<\/p>\n<p>\u2219 monta\u017c zestaw\u00f3w g\u0142o\u015bno m\u00f3wi\u0105cych (GSM);<\/p>\n<p>\u2219 i wiele innych...<\/p>\n<\/div>\n\t\t<\/div><\/div><\/div><\/div><\/div>","protected":false},"excerpt":{"rendered":"<p>Obecnie w samochodach coraz wi\u0119cej jest urz\u0105dze\u0144 elektrycznych i elektronicznych&#8230;. <\/p>\n","protected":false},"author":1,"featured_media":0,"parent":0,"menu_order":0,"comment_status":"closed","ping_status":"closed","template":"","meta":[],"_links":{"self":[{"href":"http:\/\/servissamochodowy.pl\/index.php?rest_route=\/wp\/v2\/pages\/191"}],"collection":[{"href":"http:\/\/servissamochodowy.pl\/index.php?rest_route=\/wp\/v2\/pages"}],"about":[{"href":"http:\/\/servissamochodowy.pl\/index.php?rest_route=\/wp\/v2\/types\/page"}],"author":[{"embeddable":true,"href":"http:\/\/servissamochodowy.pl\/index.php?rest_route=\/wp\/v2\/users\/1"}],"replies":[{"embeddable":true,"href":"http:\/\/servissamochodowy.pl\/index.php?rest_route=%2Fwp%2Fv2%2Fcomments&post=191"}],"version-history":[{"count":3,"href":"http:\/\/servissamochodowy.pl\/index.php?rest_route=\/wp\/v2\/pages\/191\/revisions"}],"predecessor-version":[{"id":194,"href":"http:\/\/servissamochodowy.pl\/index.php?rest_route=\/wp\/v2\/pages\/191\/revisions\/194"}],"wp:attachment":[{"href":"http:\/\/servissamochodowy.pl\/index.php?rest_route=%2Fwp%2Fv2%2Fmedia&parent=191"}],"curies":[{"name":"wp","href":"https:\/\/api.w.org\/{rel}","templated":true}]}}