
{"id":168,"date":"2015-09-02T23:05:22","date_gmt":"2015-09-02T23:05:22","guid":{"rendered":"http:\/\/servissamochodowy.pl\/?page_id=168"},"modified":"2015-09-02T23:15:00","modified_gmt":"2015-09-02T23:15:00","slug":"holowanie-i-pomoc-drogowa","status":"publish","type":"page","link":"http:\/\/servissamochodowy.pl\/?page_id=168","title":{"rendered":"HOLOWANIE I POMOC DROGOWA"},"content":{"rendered":"<div id=\"pl-168\"  class=\"panel-layout\" ><div id=\"pg-168-0\"  class=\"panel-grid panel-no-style\" ><div id=\"pgc-168-0-0\"  class=\"panel-grid-cell\" ><div id=\"panel-168-0-0-0\" class=\"so-panel widget widget_text panel-first-child\" data-index=\"0\" ><div class=\"panel-widget-style panel-widget-style-for-168-0-0-0\" >\t\t\t<div class=\"textwidget\"> Potrzebujesz profesjonalnej pomocy? Twoje auto uleg\u0142o awarii na drodze, bra\u0142o udzia\u0142  w kolizji czy wypadku samochodowym?<\/div>\n\t\t<\/div><\/div><div id=\"panel-168-0-0-1\" class=\"so-panel widget widget_text\" data-index=\"1\" ><div class=\"panel-widget-style panel-widget-style-for-168-0-0-1\" >\t\t\t<div class=\"textwidget\"><p>ZADZWO\u0143<\/p>\n<p>HOLOWANIE I POMOC DROGOWA 24H\/7<\/p>\n<p>535 300 132<\/p>\n<\/div>\n\t\t<\/div><\/div><div id=\"panel-168-0-0-2\" class=\"so-panel widget widget_text panel-last-child\" data-index=\"2\" ><div class=\"panel-widget-style panel-widget-style-for-168-0-0-2\" >\t\t\t<div class=\"textwidget\"><p>\u015awiadczymy ca\u0142odobow\u0105 pomoc drogow\u0105, holowanie, transport samochod\u00f3w osobowych  i dostawczych na terenie Warszawy, Polski oraz ca\u0142ej Europy. Zapewniamy mi\u0142\u0105 obs\u0142ug\u0119, fachow\u0105 pomoc w sytuacjach kryzysowych, a tak\u017ce konkurencyjne  ceny.  Dysponujemy kilkoma profesjonalnymi lawetami, kt\u00f3re sprostaj\u0105 wszelkim wyzwaniom. Dzwoni\u0105c do Nas maj\u0105 Pa\u0144stwo pewno\u015b\u0107  profesjonalnej us\u0142ugi i szybkiego czasu reakcji 24h\/7 dni w tygodniu. Holowanie na terenie Warszawy 150 z\u0142 brutto, doje\u017cdzamy w ci\u0105gu 30 min od zg\u0142oszenia.<\/p>\n<p>Laweta i us\u0142ugi<br \/>\n- Ca\u0142odobowa pomoc drogowa,<br \/>\n- Transport pojazd\u00f3w - Warszawa, ca\u0142y kraj, Europa,<br \/>\n- Transport samochod\u00f3w osobowych i dostawczych,<br \/>\n- Drobne naprawy na miejscu,<br \/>\n- Dow\u00f3z paliwa, <\/p>\n<\/div>\n\t\t<\/div><\/div><\/div><\/div><div id=\"pg-168-1\"  class=\"panel-grid panel-no-style\" ><div id=\"pgc-168-1-0\"  class=\"panel-grid-cell\" ><div id=\"panel-168-1-0-0\" class=\"so-panel widget widget_sow-image panel-first-child panel-last-child\" data-index=\"3\" ><div class=\"so-widget-sow-image so-widget-sow-image-default-d6014b76747a-168\">\n\n<div class=\"sow-image-container\">\n\t\t<img src=\"http:\/\/servissamochodowy.pl\/wp-content\/uploads\/2015\/09\/5002763713_932296ca07_o-1024x768.jpg\" width=\"1024\" height=\"768\" srcset=\"http:\/\/servissamochodowy.pl\/wp-content\/uploads\/2015\/09\/5002763713_932296ca07_o-1024x768.jpg 1024w, http:\/\/servissamochodowy.pl\/wp-content\/uploads\/2015\/09\/5002763713_932296ca07_o-300x225.jpg 300w\" sizes=\"(max-width: 1024px) 100vw, 1024px\" alt=\"\" loading=\"lazy\" \t\tclass=\"so-widget-image\"\/>\n\t<\/div>\n\n<\/div><\/div><\/div><\/div><\/div>","protected":false},"excerpt":{"rendered":"<p>Potrzebujesz profesjonalnej pomocy? Twoje auto uleg\u0142o awarii na drodze, bra\u0142o&#8230; <\/p>\n","protected":false},"author":1,"featured_media":0,"parent":0,"menu_order":0,"comment_status":"closed","ping_status":"closed","template":"","meta":[],"_links":{"self":[{"href":"http:\/\/servissamochodowy.pl\/index.php?rest_route=\/wp\/v2\/pages\/168"}],"collection":[{"href":"http:\/\/servissamochodowy.pl\/index.php?rest_route=\/wp\/v2\/pages"}],"about":[{"href":"http:\/\/servissamochodowy.pl\/index.php?rest_route=\/wp\/v2\/types\/page"}],"author":[{"embeddable":true,"href":"http:\/\/servissamochodowy.pl\/index.php?rest_route=\/wp\/v2\/users\/1"}],"replies":[{"embeddable":true,"href":"http:\/\/servissamochodowy.pl\/index.php?rest_route=%2Fwp%2Fv2%2Fcomments&post=168"}],"version-history":[{"count":8,"href":"http:\/\/servissamochodowy.pl\/index.php?rest_route=\/wp\/v2\/pages\/168\/revisions"}],"predecessor-version":[{"id":177,"href":"http:\/\/servissamochodowy.pl\/index.php?rest_route=\/wp\/v2\/pages\/168\/revisions\/177"}],"wp:attachment":[{"href":"http:\/\/servissamochodowy.pl\/index.php?rest_route=%2Fwp%2Fv2%2Fmedia&parent=168"}],"curies":[{"name":"wp","href":"https:\/\/api.w.org\/{rel}","templated":true}]}}