
{"id":152,"date":"2015-09-02T14:36:21","date_gmt":"2015-09-02T14:36:21","guid":{"rendered":"http:\/\/servissamochodowy.pl\/?page_id=152"},"modified":"2015-09-02T22:45:27","modified_gmt":"2015-09-02T22:45:27","slug":"sprawdzanie-przy-zakupie-auta","status":"publish","type":"page","link":"http:\/\/servissamochodowy.pl\/?page_id=152","title":{"rendered":"SPRAWDZANIE PRZY ZAKUPIE AUTA"},"content":{"rendered":"<div id=\"pl-152\"  class=\"panel-layout\" ><div id=\"pg-152-0\"  class=\"panel-grid panel-no-style\" ><div id=\"pgc-152-0-0\"  class=\"panel-grid-cell\" ><div id=\"panel-152-0-0-0\" class=\"so-panel widget widget_text panel-first-child panel-last-child\" data-index=\"0\" ><div class=\"panel-widget-style panel-widget-style-for-152-0-0-0\" ><h3 class=\"widget-title\">Us\u0142uga obejmuje:<\/h3>\t\t\t<div class=\"textwidget\"><p>\u2219 um\u00f3wienie si\u0119 na ogl\u0119dziny pojazdu<br \/>\n\u2219 weryfikacja stanu pow\u0142oki lakierniczej (pomiar grubo\u015bci lakieru profesjonalnym miernikiem)<br \/>\n\u2219 weryfikacja bezwypadkowo\u015bci, ewentualnych napraw pow\u0142oki lakierniczej<br \/>\n\u2219 sprawdzenie stanu technicznego i wizualnego samochodu, stopnia zu\u017cycia podzespo\u0142\u00f3w<br \/>\n\u2219 diagnostyka komuterowa<br \/>\n\u2219 sprawdzenie przebiegu i historii pojazdu<br \/>\n\u2219 weryfikacja stopnia zu\u017cycia wn\u0119trza pojazdu<\/p>\n<\/div>\n\t\t<\/div><\/div><\/div><\/div><\/div>","protected":false},"excerpt":{"rendered":"<p>\u2219 um\u00f3wienie si\u0119 na ogl\u0119dziny pojazdu \u2219 weryfikacja stanu pow\u0142oki&#8230; <\/p>\n","protected":false},"author":1,"featured_media":0,"parent":0,"menu_order":0,"comment_status":"closed","ping_status":"closed","template":"","meta":[],"_links":{"self":[{"href":"http:\/\/servissamochodowy.pl\/index.php?rest_route=\/wp\/v2\/pages\/152"}],"collection":[{"href":"http:\/\/servissamochodowy.pl\/index.php?rest_route=\/wp\/v2\/pages"}],"about":[{"href":"http:\/\/servissamochodowy.pl\/index.php?rest_route=\/wp\/v2\/types\/page"}],"author":[{"embeddable":true,"href":"http:\/\/servissamochodowy.pl\/index.php?rest_route=\/wp\/v2\/users\/1"}],"replies":[{"embeddable":true,"href":"http:\/\/servissamochodowy.pl\/index.php?rest_route=%2Fwp%2Fv2%2Fcomments&post=152"}],"version-history":[{"count":1,"href":"http:\/\/servissamochodowy.pl\/index.php?rest_route=\/wp\/v2\/pages\/152\/revisions"}],"predecessor-version":[{"id":153,"href":"http:\/\/servissamochodowy.pl\/index.php?rest_route=\/wp\/v2\/pages\/152\/revisions\/153"}],"wp:attachment":[{"href":"http:\/\/servissamochodowy.pl\/index.php?rest_route=%2Fwp%2Fv2%2Fmedia&parent=152"}],"curies":[{"name":"wp","href":"https:\/\/api.w.org\/{rel}","templated":true}]}}